{"id":77,"date":"2018-10-16T18:02:25","date_gmt":"2018-10-16T18:02:25","guid":{"rendered":"http:\/\/www.sanchofock.de\/?page_id=77"},"modified":"2018-10-16T18:46:01","modified_gmt":"2018-10-16T18:46:01","slug":"cryptonomicon","status":"publish","type":"page","link":"https:\/\/www.sanchofock.de\/?page_id=77","title":{"rendered":"Cryptonomicon"},"content":{"rendered":"<p>Vor einiger Zeit habe ich ein spannendes Buch gelesen, oder besser geh\u00f6rt. Bin dann doch der H\u00f6rbuchtyp ;).\u00a0 &#8222;<a href=\"https:\/\/de.wikipedia.org\/wiki\/Cryptonomicon\">Das Cryptonomicon<\/a>&#8220; von Neil Stephenson ist ein spannender und skuriler Thriller mit einem gewissen Nerd Faktor. Das Buch kann ich also empfehlen, aber es hat mich auch dazu inspiriert mich ein wenig mit Cryptographie im allgemeinen und der Rotorbasierten Verschl\u00fcsselung der <a href=\"https:\/\/de.wikipedia.org\/wiki\/Enigma_(Maschine)\">Enigma<\/a> im Besonderen zu besch\u00e4ftigen.<\/p>\n<p>Wie jeder wei\u00df konnte die Enigma geknackt werden, was ja auch in dem Buch eine gr\u00f6\u00dfere Rolle spielt. Jedoch hat mich ein wenig der Spieltrieb gepackt und herausgekommen ist ein JAVA Cryto Library &#8222;Simplecrypt.<\/p>\n<p>Allerdings habe ich nicht versucht die Enigma nachzubauen, sondern lediglich das Prinzip aufzugreifen. Meines Erachtens sind die Schw\u00e4chen der Enigma in meiner Version nicht mehr vorhanden, so, dass weder die bekannte <a href=\"https:\/\/de.wikipedia.org\/wiki\/Enigma-Gleichung\">Enigma Formel<\/a> noch die anderen &#8222;Tricks&#8220; der Crytoanalytiker des 2. Weltkrieges nicht auf diese Verschl\u00fcsselung anwendbar sind. Auch bei moderner Rechentechnik ist ein Brute Force, wie mit der legend\u00e4ren <a href=\"https:\/\/de.wikipedia.org\/wiki\/Turing-Bombe\">Turing Bomb<\/a> in <a href=\"https:\/\/de.wikipedia.org\/wiki\/Bletchley_Park\">Bletchley Park <\/a>praktiziert, meiner Meinung nach aussichtslos.<\/p>\n<p>Ich behaupte sogar, dass die Verschl\u00fcsselung mit der Simplecrypt Library bei richtiger Verwendung sicherer und schneller ist als die aktuell \u00fcblichen Verschl\u00fcsselungsalgorhythmen.<\/p>\n<p>Ich habe mich jetzt zur Ver\u00f6ffentlichung entschieden, um diese Behauptung auf den Pr\u00fcfstand zu stellen.<\/p>\n<p>Ich werde die Library und die Dokumentation, sowie einige Erl\u00e4uterungen hier online stellen und mich \u00fcber eine Diskussion oder Hinweise dazu sehr freuen.<\/p>\n<p>&nbsp;<\/p>\n<p>Simplecrypt und alle Beitr\u00e4ge findet ihr <a href=\"http:\/\/www.sanchofock.de\/?cat=5\">hier<\/a><\/p>\n","protected":false},"excerpt":{"rendered":"<p>Vor einiger Zeit habe ich ein spannendes Buch gelesen, oder besser geh\u00f6rt. Bin dann doch der H\u00f6rbuchtyp ;).\u00a0 &#8222;Das Cryptonomicon&#8220; von Neil Stephenson ist ein spannender und skuriler Thriller mit einem gewissen Nerd Faktor. Das Buch kann ich also empfehlen, aber es hat mich auch dazu inspiriert mich ein wenig mit Cryptographie im allgemeinen und [&hellip;]<\/p>\n","protected":false},"author":2,"featured_media":0,"parent":0,"menu_order":1,"comment_status":"closed","ping_status":"closed","template":"","meta":[],"_links":{"self":[{"href":"https:\/\/www.sanchofock.de\/index.php?rest_route=\/wp\/v2\/pages\/77"}],"collection":[{"href":"https:\/\/www.sanchofock.de\/index.php?rest_route=\/wp\/v2\/pages"}],"about":[{"href":"https:\/\/www.sanchofock.de\/index.php?rest_route=\/wp\/v2\/types\/page"}],"author":[{"embeddable":true,"href":"https:\/\/www.sanchofock.de\/index.php?rest_route=\/wp\/v2\/users\/2"}],"replies":[{"embeddable":true,"href":"https:\/\/www.sanchofock.de\/index.php?rest_route=%2Fwp%2Fv2%2Fcomments&post=77"}],"version-history":[{"count":4,"href":"https:\/\/www.sanchofock.de\/index.php?rest_route=\/wp\/v2\/pages\/77\/revisions"}],"predecessor-version":[{"id":87,"href":"https:\/\/www.sanchofock.de\/index.php?rest_route=\/wp\/v2\/pages\/77\/revisions\/87"}],"wp:attachment":[{"href":"https:\/\/www.sanchofock.de\/index.php?rest_route=%2Fwp%2Fv2%2Fmedia&parent=77"}],"curies":[{"name":"wp","href":"https:\/\/api.w.org\/{rel}","templated":true}]}}